{"id":33,"date":"2024-11-07T17:00:55","date_gmt":"2024-11-07T16:00:55","guid":{"rendered":"http:\/\/localhost:8040\/?page_id=33"},"modified":"2025-09-27T12:05:04","modified_gmt":"2025-09-27T10:05:04","slug":"accueil","status":"publish","type":"page","link":"https:\/\/pianosmobiles.com\/","title":{"rendered":"La Compagnie"},"content":{"rendered":"<style>.kb-row-layout-wrap.wp-block-kadence-rowlayout.kb-row-layout-id33_44ba6f-8c{margin-top:0px;margin-bottom:0px;}.kb-row-layout-id33_44ba6f-8c > .kt-row-column-wrap{align-content:center;}:where(.kb-row-layout-id33_44ba6f-8c > .kt-row-column-wrap) > .wp-block-kadence-column{justify-content:center;}.kb-row-layout-id33_44ba6f-8c > .kt-row-column-wrap{column-gap:var(--global-kb-gap-none, 0rem );row-gap:var(--global-kb-gap-none, 0rem );max-width:1267px;margin-left:auto;margin-right:auto;padding-top:var(--global-kb-spacing-lg, 3rem);padding-bottom:var(--global-kb-spacing-lg, 3rem);grid-template-columns:minmax(0, calc(45% - ((var(--global-kb-gap-none, 0rem ) * 1 )\/2)))minmax(0, calc(55% - ((var(--global-kb-gap-none, 0rem ) * 1 )\/2)));}.kb-row-layout-id33_44ba6f-8c{background-color:var(--global-palette9, #ffffff);}.kb-row-layout-id33_44ba6f-8c > .kt-row-layout-overlay{opacity:0.30;}@media all and (max-width: 1024px){.kb-row-layout-id33_44ba6f-8c > .kt-row-column-wrap{column-gap:var(--global-kb-gap-md, 2rem);grid-template-columns:minmax(0, 1fr);}}@media all and (max-width: 767px){.kb-row-layout-id33_44ba6f-8c > .kt-row-column-wrap{row-gap:var(--global-kb-gap-sm, 1rem);padding-top:var(--global-kb-spacing-md, 2rem);grid-template-columns:minmax(0, 1fr);}}<\/style><div class=\"kb-row-layout-wrap kb-row-layout-id33_44ba6f-8c aligncenter has-theme-palette9-background-color kt-row-has-bg wp-block-kadence-rowlayout\"><div class=\"kt-row-column-wrap kt-has-2-columns kt-row-layout-equal kt-tab-layout-row kt-mobile-layout-row kt-row-valign-middle kt-inner-column-height-full\">\n<style>.kadence-column33_a936a6-43 > .kt-inside-inner-col{display:flex;}.kadence-column33_a936a6-43 > .kt-inside-inner-col,.kadence-column33_a936a6-43 > .kt-inside-inner-col:before{border-top-left-radius:0px;border-top-right-radius:0px;border-bottom-right-radius:0px;border-bottom-left-radius:0px;}.kadence-column33_a936a6-43 > .kt-inside-inner-col{column-gap:var(--global-kb-gap-sm, 1rem);}.kadence-column33_a936a6-43 > .kt-inside-inner-col{flex-direction:column;justify-content:center;}.kadence-column33_a936a6-43 > .kt-inside-inner-col > .aligncenter{width:100%;}.kt-row-column-wrap > .kadence-column33_a936a6-43{align-self:center;}.kt-inner-column-height-full:not(.kt-has-1-columns) > .wp-block-kadence-column.kadence-column33_a936a6-43{align-self:auto;}.kt-inner-column-height-full:not(.kt-has-1-columns) > .wp-block-kadence-column.kadence-column33_a936a6-43 > .kt-inside-inner-col{flex-direction:column;justify-content:center;}.kadence-column33_a936a6-43 > .kt-inside-inner-col:before{opacity:0.3;}.kadence-column33_a936a6-43{text-align:left;}.kadence-column33_a936a6-43{z-index:10;position:relative;}@media all and (max-width: 1024px){.kt-row-column-wrap > .kadence-column33_a936a6-43{align-self:center;}}@media all and (max-width: 1024px){.kt-inner-column-height-full:not(.kt-has-1-columns) > .wp-block-kadence-column.kadence-column33_a936a6-43{align-self:auto;}}@media all and (max-width: 1024px){.kt-inner-column-height-full:not(.kt-has-1-columns) > .wp-block-kadence-column.kadence-column33_a936a6-43 > .kt-inside-inner-col{flex-direction:column;justify-content:center;}}@media all and (max-width: 1024px){.kadence-column33_a936a6-43 > .kt-inside-inner-col{flex-direction:column;justify-content:center;}}@media all and (max-width: 767px){.kadence-column33_a936a6-43 > .kt-inside-inner-col{padding-right:0px;padding-left:0px;flex-direction:column;justify-content:center;}.kt-row-column-wrap > .kadence-column33_a936a6-43{align-self:center;}.kt-inner-column-height-full:not(.kt-has-1-columns) > .wp-block-kadence-column.kadence-column33_a936a6-43{align-self:auto;}.kt-inner-column-height-full:not(.kt-has-1-columns) > .wp-block-kadence-column.kadence-column33_a936a6-43 > .kt-inside-inner-col{flex-direction:column;justify-content:center;}}<\/style>\n<div class=\"wp-block-kadence-column kadence-column33_a936a6-43 kb-section-dir-vertical kb-section-md-dir-vertical inner-column-2\"><div class=\"kt-inside-inner-col\"><style>.wp-block-kadence-advancedheading.kt-adv-heading33_f46e0c-14, .wp-block-kadence-advancedheading.kt-adv-heading33_f46e0c-14[data-kb-block=\"kb-adv-heading33_f46e0c-14\"]{max-width:819px;padding-top:0px;padding-bottom:var(--global-kb-spacing-sm, 1.5rem);margin-right:-400px;text-align:left;font-size:var(--global-kb-font-size-sm, 0.9rem);line-height:1;font-style:normal;color:var(--global-palette3, #1A202C);text-shadow:1px 1px 1px #ffffff;}.wp-block-kadence-advancedheading.kt-adv-heading33_f46e0c-14 mark.kt-highlight, .wp-block-kadence-advancedheading.kt-adv-heading33_f46e0c-14[data-kb-block=\"kb-adv-heading33_f46e0c-14\"] mark.kt-highlight{font-style:normal;-webkit-box-decoration-break:clone;box-decoration-break:clone;padding-top:0px;padding-right:0px;padding-bottom:0px;padding-left:0px;}.wp-block-kadence-advancedheading.kt-adv-heading33_f46e0c-14 img.kb-inline-image, .wp-block-kadence-advancedheading.kt-adv-heading33_f46e0c-14[data-kb-block=\"kb-adv-heading33_f46e0c-14\"] img.kb-inline-image{width:150px;vertical-align:baseline;}@media all and (max-width: 1024px){.wp-block-kadence-advancedheading.kt-adv-heading33_f46e0c-14, .wp-block-kadence-advancedheading.kt-adv-heading33_f46e0c-14[data-kb-block=\"kb-adv-heading33_f46e0c-14\"]{margin-right:0px;text-shadow:1px 1px 1px #ffffff;}}@media all and (max-width: 767px){.wp-block-kadence-advancedheading.kt-adv-heading33_f46e0c-14, .wp-block-kadence-advancedheading.kt-adv-heading33_f46e0c-14[data-kb-block=\"kb-adv-heading33_f46e0c-14\"]{text-shadow:1px 1px 1px #ffffff;}}<\/style>\n<h1 class=\"kt-adv-heading33_f46e0c-14 wp-block-kadence-advancedheading has-theme-palette-3-color has-text-color\" data-kb-block=\"kb-adv-heading33_f46e0c-14\">La compagnie des&nbsp;<strong>Pianos Mobiles<\/strong>&nbsp;rassemble les cr\u00e9ations de Jean Kasperczyk alias \u00ab&nbsp;Kasper&nbsp;\u00bb,<br>pianiste nomade, constructeur et com\u00e9dien. Il produit ses spectacles pour l\u2019int\u00e9rieur mais \u00e9galement pour la rue.<br><br>Au travers des Pianos Mobiles, Kasper offre son univers musical atemporel et hallucinant. Parfois avec son Pianomobil, pour un piano-bar, parfois avec ses constructions hors normes toujours faites de pianos, de r\u00e9cup\u00e9ration, et de motorisations \u00e0 l\u2019ancienne\u2026<br>Une grande attention est port\u00e9e \u00e0 la sc\u00e9nographie et \u00e0 l\u2019invention m\u00e9canique qu\u2019il r\u00e9alise avec son \u00e9quipe, et alimente ainsi un univers tant\u00f4t fictif et alambiqu\u00e9 tant\u00f4t d\u2019une simplicit\u00e9 d\u00e9concertante\u2026 Le son du piano, qu\u2019il soit amplifi\u00e9 ou non, fixe ou d\u00e9ambulatoire, se m\u00eale au jeu du th\u00e9\u00e2tre burlesque, \u00e0 la chanson ou \u00e0 la performance musicale pour interpeller et s\u2019\u00e9veiller, s\u2019\u00e9mouvoir et s\u2019amuser !<br>Le terrain de jeu favori reste la rue pour tout ce qu\u2019elle offre de vrai, entre autres la proximit\u00e9 avec les passants et la rencontre po\u00e9tique et \u00e9ph\u00e9m\u00e8re avec le public. Mais ses pianos s\u2019invitent \u00e9galement dans les arbres, dans les champs, en haute montagne, tout comme dans les transports en commun, ou plus simplement \u00e0 c\u00f4t\u00e9 d\u2019un comptoir de bistrot ou dans un jardin partag\u00e9 quelque part en France, en Belgique, en Espagne ou en Italie.<br>Faire voyager les m\u00e9lodies, m\u00e9langer les genres et r\u00e9inventer les tempos d\u2019antan. \u00catre ensemble au pr\u00e9sent en invitant \u00e0 l\u2019\u00e9coute, \u00e0 rire, \u00e0 chanter ou \u00e0 danser est l\u2019\u00e9lan qui fait vivre la Compagnie des Pianos Mobiles.<br>Kasper partage le plaisir de mani\u00e8re locale et se produit r\u00e9guli\u00e8rement en P\u00e9rigord Vert, pour les \u00e9v\u00e8nements, festivals et march\u00e9s locaux\u2026 et au bar du centre de son village, Javerlhac\u2026 pour des rencontres improvis\u00e9es !<\/h1>\n\n\n<style>.kadence-column33_61d708-76{max-width:380px;margin-left:auto;margin-right:auto;}.wp-block-kadence-column.kb-section-dir-horizontal:not(.kb-section-md-dir-vertical)>.kt-inside-inner-col>.kadence-column33_61d708-76{-webkit-flex:0 1 380px;flex:0 1 380px;max-width:unset;margin-left:unset;margin-right:unset;}.kadence-column33_61d708-76 > .kt-inside-inner-col{padding-left:var(--global-kb-spacing-lg, 3rem);}.kadence-column33_61d708-76 > .kt-inside-inner-col,.kadence-column33_61d708-76 > .kt-inside-inner-col:before{border-top-left-radius:0px;border-top-right-radius:0px;border-bottom-right-radius:0px;border-bottom-left-radius:0px;}.kadence-column33_61d708-76 > .kt-inside-inner-col{column-gap:0px;}.kadence-column33_61d708-76 > .kt-inside-inner-col{flex-direction:column;}.kadence-column33_61d708-76 > .kt-inside-inner-col > .aligncenter{width:100%;}.kadence-column33_61d708-76 > .kt-inside-inner-col:before{opacity:0.3;}.kadence-column33_61d708-76{text-align:left;}.kadence-column33_61d708-76{position:relative;}.kadence-column33_61d708-76, .kt-inside-inner-col > .kadence-column33_61d708-76:not(.specificity){margin-left:0px;}@media all and (min-width: 1025px){.wp-block-kadence-column.kb-section-dir-horizontal>.kt-inside-inner-col>.kadence-column33_61d708-76{-webkit-flex:0 1 380px;flex:0 1 380px;max-width:unset;margin-left:unset;margin-right:unset;}}@media all and (max-width: 1024px){.kadence-column33_61d708-76 > .kt-inside-inner-col{padding-left:var(--global-kb-spacing-md, 2rem);flex-direction:column;justify-content:center;}}@media all and (max-width: 767px){.wp-block-kadence-column.kb-section-sm-dir-vertical:not(.kb-section-sm-dir-horizontal):not(.kb-section-sm-dir-specificity)>.kt-inside-inner-col>.kadence-column33_61d708-76{max-width:380px;-webkit-flex:1;flex:1;margin-left:auto;margin-right:auto;}.kadence-column33_61d708-76 > .kt-inside-inner-col{flex-direction:column;justify-content:center;}}<\/style>\n<div class=\"wp-block-kadence-column kadence-column33_61d708-76 kb-section-dir-vertical\"><div class=\"kt-inside-inner-col\"><\/div><\/div>\n<\/div><\/div>\n\n\n<style>.kadence-column33_3cdd06-d8 > .kt-inside-inner-col{display:flex;}.kadence-column33_3cdd06-d8 > .kt-inside-inner-col,.kadence-column33_3cdd06-d8 > .kt-inside-inner-col:before{border-top-left-radius:0px;border-top-right-radius:0px;border-bottom-right-radius:0px;border-bottom-left-radius:0px;}.kadence-column33_3cdd06-d8 > .kt-inside-inner-col{row-gap:0px;column-gap:16px;}.kadence-column33_3cdd06-d8 > .kt-inside-inner-col{flex-direction:row-reverse;flex-wrap:wrap;align-items:center;justify-content:flex-start;}.kadence-column33_3cdd06-d8 > .kt-inside-inner-col > *, .kadence-column33_3cdd06-d8 > .kt-inside-inner-col > figure.wp-block-image, .kadence-column33_3cdd06-d8 > .kt-inside-inner-col > figure.wp-block-kadence-image{margin-top:0px;margin-bottom:0px;}.kadence-column33_3cdd06-d8 > .kt-inside-inner-col > .kb-image-is-ratio-size{flex-grow:1;}.wp-block-kadence-column.kb-section-dir-horizontal.kadence-column33_3cdd06-d8 > .kt-inside-inner-col > *{flex-basis:426px;}.wp-block-kadence-column.kb-section-dir-horizontal.kadence-column33_3cdd06-d8 > .kt-inside-inner-col > .wp-block-kadence-infobox{width:0px;}.kt-row-column-wrap > .kadence-column33_3cdd06-d8{align-self:center;}.kt-inner-column-height-full:not(.kt-has-1-columns) > .wp-block-kadence-column.kadence-column33_3cdd06-d8{align-self:auto;}.kt-inner-column-height-full:not(.kt-has-1-columns) > .wp-block-kadence-column.kadence-column33_3cdd06-d8 > .kt-inside-inner-col{align-items:center;}.kadence-column33_3cdd06-d8 > .kt-inside-inner-col:before{opacity:0.3;}.kadence-column33_3cdd06-d8{position:relative;}@media all and (max-width: 1024px){.kt-row-column-wrap > .kadence-column33_3cdd06-d8{align-self:center;}}@media all and (max-width: 1024px){.kt-inner-column-height-full:not(.kt-has-1-columns) > .wp-block-kadence-column.kadence-column33_3cdd06-d8{align-self:auto;}}@media all and (max-width: 1024px){.kt-inner-column-height-full:not(.kt-has-1-columns) > .wp-block-kadence-column.kadence-column33_3cdd06-d8 > .kt-inside-inner-col{flex-direction:column;justify-content:center;}}@media all and (max-width: 1024px){.kadence-column33_3cdd06-d8 > .kt-inside-inner-col{flex-direction:column;justify-content:center;align-items:stretch;flex-wrap:nowrap;}}@media all and (max-width: 1024px){.wp-block-kadence-column.kb-section-dir-horizontal.kadence-column33_3cdd06-d8 > .kt-inside-inner-col > *{-webkit-flex:unset;flex:unset;-webkit-flex:1;flex:1;max-width:100%;}}@media all and (max-width: 1024px){.wp-block-kadence-column.kb-section-dir-horizontal.kadence-column33_3cdd06-d8 > .kt-inside-inner-col > .wp-block-kadence-infobox{width:auto;align-self:unset;}}@media all and (max-width: 767px){.kt-row-column-wrap > .kadence-column33_3cdd06-d8{align-self:center;}.kt-inner-column-height-full:not(.kt-has-1-columns) > .wp-block-kadence-column.kadence-column33_3cdd06-d8{align-self:auto;}.kt-inner-column-height-full:not(.kt-has-1-columns) > .wp-block-kadence-column.kadence-column33_3cdd06-d8 > .kt-inside-inner-col{flex-direction:column;justify-content:center;}.kadence-column33_3cdd06-d8 > .kt-inside-inner-col{flex-direction:column;justify-content:center;align-items:stretch;}}<\/style>\n<div class=\"wp-block-kadence-column kadence-column33_3cdd06-d8 kb-section-dir-horizontal-reverse kb-section-md-dir-vertical\"><div class=\"kt-inside-inner-col\"><style>.wp-block-kadence-image.kb-image33_c5e260-76:not(.kb-specificity-added):not(.kb-extra-specificity-added){margin-top:0px;margin-bottom:0px;}.kb-image33_c5e260-76:not(.kb-image-is-ratio-size) .kb-img, .kb-image33_c5e260-76.kb-image-is-ratio-size{padding-top:0px;padding-bottom:0px;}.kb-image33_c5e260-76 .kb-image-has-overlay:after{opacity:0.5;background-color:var(--global-palette9, #ffffff);border-top-left-radius:10px;border-top-right-radius:10px;border-bottom-right-radius:10px;border-bottom-left-radius:10px;}.kb-image33_c5e260-76 img.kb-img, .kb-image33_c5e260-76 .kb-img img{border-top-left-radius:10px;border-top-right-radius:10px;border-bottom-right-radius:10px;border-bottom-left-radius:10px;object-position:57.99999999999999% 75%;}<\/style>\n<figure class=\"wp-block-kadence-image kb-image33_c5e260-76 alignfull size-large\"><div class=\"kb-image-has-overlay\"><img fetchpriority=\"high\" decoding=\"async\" width=\"875\" height=\"656\" src=\"http:\/\/localhost:8040\/wp-content\/uploads\/2025\/03\/michelles-pianos-in-portland-or-brands-bg-1-edited.jpg\" alt=\"\" class=\"kb-img wp-image-105\" srcset=\"https:\/\/pianosmobiles.com\/wp-content\/uploads\/2025\/03\/michelles-pianos-in-portland-or-brands-bg-1-edited.jpg 875w, https:\/\/pianosmobiles.com\/wp-content\/uploads\/2025\/03\/michelles-pianos-in-portland-or-brands-bg-1-edited-300x225.jpg 300w, https:\/\/pianosmobiles.com\/wp-content\/uploads\/2025\/03\/michelles-pianos-in-portland-or-brands-bg-1-edited-768x576.jpg 768w\" sizes=\"(max-width: 875px) 100vw, 875px\" \/><\/div><\/figure>\n\n\n<style>.kadence-column33_f3c63a-3d > .kt-inside-inner-col{padding-top:0px;padding-bottom:0px;}.kadence-column33_f3c63a-3d > .kt-inside-inner-col,.kadence-column33_f3c63a-3d > .kt-inside-inner-col:before{border-top-left-radius:0px;border-top-right-radius:0px;border-bottom-right-radius:0px;border-bottom-left-radius:0px;}.kadence-column33_f3c63a-3d > .kt-inside-inner-col{column-gap:var(--global-kb-gap-sm, 1rem);}.kadence-column33_f3c63a-3d > .kt-inside-inner-col{flex-direction:column;}.kadence-column33_f3c63a-3d > .kt-inside-inner-col > .aligncenter{width:100%;}.kadence-column33_f3c63a-3d > .kt-inside-inner-col:before{opacity:0.3;}.kadence-column33_f3c63a-3d{z-index:20;position:relative;}.kadence-column33_f3c63a-3d, .kt-inside-inner-col > .kadence-column33_f3c63a-3d:not(.specificity){margin-top:0px;margin-bottom:0px;}@media all and (max-width: 1024px){.kadence-column33_f3c63a-3d > .kt-inside-inner-col{flex-direction:column;justify-content:center;}}@media all and (max-width: 767px){.kadence-column33_f3c63a-3d > .kt-inside-inner-col{flex-direction:column;justify-content:center;}}<\/style>\n<div class=\"wp-block-kadence-column kadence-column33_f3c63a-3d\"><div class=\"kt-inside-inner-col\"><\/div><\/div>\n<\/div><\/div>\n\n<\/div><\/div>","protected":false},"excerpt":{"rendered":"<p>La compagnie des&nbsp;Pianos Mobiles&nbsp;rassemble les cr\u00e9ations de Jean Kasperczyk alias \u00ab&nbsp;Kasper&nbsp;\u00bb,pianiste nomade, constructeur et com\u00e9dien. Il produit ses spectacles pour l\u2019int\u00e9rieur mais<\/p>\n<p class=\"link-more\"><a class=\"myButt \" href=\"https:\/\/pianosmobiles.com\/\">Read More<\/a><\/p>\n","protected":false},"author":1,"featured_media":0,"parent":0,"menu_order":0,"comment_status":"closed","ping_status":"closed","template":"","meta":{"_kad_blocks_custom_css":"","_kad_blocks_head_custom_js":"","_kad_blocks_body_custom_js":"","_kad_blocks_footer_custom_js":"","footnotes":""},"class_list":["post-33","page","type-page","status-publish","hentry"],"taxonomy_info":[],"featured_image_src_large":false,"author_info":{"display_name":"PiabilesAdmin","author_link":"https:\/\/pianosmobiles.com\/?author=1"},"comment_info":0,"_links":{"self":[{"href":"https:\/\/pianosmobiles.com\/index.php?rest_route=\/wp\/v2\/pages\/33","targetHints":{"allow":["GET"]}}],"collection":[{"href":"https:\/\/pianosmobiles.com\/index.php?rest_route=\/wp\/v2\/pages"}],"about":[{"href":"https:\/\/pianosmobiles.com\/index.php?rest_route=\/wp\/v2\/types\/page"}],"author":[{"embeddable":true,"href":"https:\/\/pianosmobiles.com\/index.php?rest_route=\/wp\/v2\/users\/1"}],"replies":[{"embeddable":true,"href":"https:\/\/pianosmobiles.com\/index.php?rest_route=%2Fwp%2Fv2%2Fcomments&post=33"}],"version-history":[{"count":22,"href":"https:\/\/pianosmobiles.com\/index.php?rest_route=\/wp\/v2\/pages\/33\/revisions"}],"predecessor-version":[{"id":182,"href":"https:\/\/pianosmobiles.com\/index.php?rest_route=\/wp\/v2\/pages\/33\/revisions\/182"}],"wp:attachment":[{"href":"https:\/\/pianosmobiles.com\/index.php?rest_route=%2Fwp%2Fv2%2Fmedia&parent=33"}],"curies":[{"name":"wp","href":"https:\/\/api.w.org\/{rel}","templated":true}]}}